{"id":109,"date":"2022-02-11T02:05:12","date_gmt":"2022-02-11T02:05:12","guid":{"rendered":"https:\/\/source.wpopal.com\/bookory\/product\/awesome-concrete-shoes\/"},"modified":"2025-11-25T13:54:20","modified_gmt":"2025-11-25T13:54:20","slug":"de-la-brisure-a-lharmonie","status":"publish","type":"product","link":"https:\/\/delabrisurealharmonie.com\/en\/product\/de-la-brisure-a-lharmonie\/","title":{"rendered":"DE LA BRISURE \u00c0 L&rsquo;HARMONIE :: Un parcours de r\u00e9silience et de restauration"},"content":{"rendered":"<p class=\"translation-block\">This book is the cry of a woman long silenced, wounded since childhood by those who should have protected her.<br> A true and poignant story that explores the invisible wounds of the soul and the slow process of healing.<\/p>\n<p>It is an inner journey of transformation:<\/p>\n<p>From pain to light,<\/p>\n<p>From confusion to clarity,<\/p>\n<p>From abandonment to restoration.<\/p>\n<p>A passage from an imposed past to a rediscovered identity, from oppressive darkness to lasting peace.<\/p>\n<p class=\"translation-block\">Ce t\u00e9moignage puissant n\u2019est pas une plainte. C\u2019est une proclamation d\u2019espoir, de foi, de renaissance.<br>\r\nUne invitation \u00e0 croire que, m\u00eame apr\u00e8s les pires \u00e9preuves, la vie peut recommencer.<\/p>\n<p>\"He heals the brokenhearted and binds up their wounds.\" Psalm 147:3<\/p>\n<p>\u201cEven though I walk through the valley of the shadow of death, I will fear no evil, for you are with me.\u201d Psalm 23:4<\/p>","protected":false},"excerpt":{"rendered":"<p class=\"translation-block\">This book is the cry of a woman long silenced, wounded since childhood by those who should have protected her.<br> A true and poignant story that explores the invisible wounds of the soul and the slow process of healing.<\/p>","protected":false},"featured_media":9266,"comment_status":"open","ping_status":"closed","template":"","meta":[],"product_cat":[27],"product_tag":[96],"class_list":{"0":"post-109","1":"product","2":"type-product","3":"status-publish","4":"has-post-thumbnail","6":"product_cat-spirituels","7":"product_tag-spirituel","8":"pa_auteur-maeni-httb-debankondji","10":"first","11":"instock","12":"featured","13":"shipping-taxable","14":"purchasable","15":"product-type-simple"},"yoast_head":"<!-- This site is optimized with the Yoast SEO Premium plugin v26.3 (Yoast SEO v27.4) - https:\/\/yoast.com\/product\/yoast-seo-premium-wordpress\/ -->\n<title>DE LA BRISURE \u00c0 L&#039;HARMONIE :: Un parcours de r\u00e9silience et de restauration - delabrisurealharmonie.com<\/title>\n<meta name=\"description\" content=\"Ce livre est le cri d&#039;une femme longtemps rest\u00e9e dans le silence, bless\u00e9e d\u00e8s l\u2019enfance par ceux qui auraient d\u00fb la prot\u00e9ger.Un r\u00e9cit vrai et poignant, qui explore les blessures invisibles de l\u2019\u00e2me et le lent processus de r\u00e9silience.\" \/>\n<meta name=\"robots\" content=\"index, follow, max-snippet:-1, max-image-preview:large, max-video-preview:-1\" \/>\n<link rel=\"canonical\" href=\"https:\/\/delabrisurealharmonie.com\/en\/product\/de-la-brisure-a-lharmonie\/\" \/>\n<meta property=\"og:locale\" content=\"en_US\" \/>\n<meta property=\"og:type\" content=\"article\" \/>\n<meta property=\"og:title\" content=\"DE LA BRISURE \u00c0 L&#039;HARMONIE :: Un parcours de r\u00e9silience et de restauration\" \/>\n<meta property=\"og:description\" content=\"Ce livre est le cri d&#039;une femme longtemps rest\u00e9e dans le silence, bless\u00e9e d\u00e8s l\u2019enfance par ceux qui auraient d\u00fb la prot\u00e9ger.Un r\u00e9cit vrai et poignant, qui explore les blessures invisibles de l\u2019\u00e2me et le lent processus de r\u00e9silience.\" \/>\n<meta property=\"og:url\" content=\"https:\/\/delabrisurealharmonie.com\/en\/product\/de-la-brisure-a-lharmonie\/\" \/>\n<meta property=\"og:site_name\" content=\"delabrisurealharmonie.com\" \/>\n<meta property=\"article:modified_time\" content=\"2025-11-25T13:54:20+00:00\" \/>\n<meta property=\"og:image\" content=\"https:\/\/delabrisurealharmonie.com\/wp-content\/uploads\/2025\/11\/h1-img1-2.png\" \/>\n\t<meta property=\"og:image:width\" content=\"459\" \/>\n\t<meta property=\"og:image:height\" content=\"366\" \/>\n\t<meta property=\"og:image:type\" content=\"image\/png\" \/>\n<meta name=\"twitter:card\" content=\"summary_large_image\" \/>\n<meta name=\"twitter:label1\" content=\"Est. reading time\" \/>\n\t<meta name=\"twitter:data1\" content=\"1 minute\" \/>\n<script type=\"application\/ld+json\" class=\"yoast-schema-graph\">{\"@context\":\"https:\\\/\\\/schema.org\",\"@graph\":[{\"@type\":\"WebPage\",\"@id\":\"https:\\\/\\\/delabrisurealharmonie.com\\\/produit\\\/de-la-brisure-a-lharmonie\\\/\",\"url\":\"https:\\\/\\\/delabrisurealharmonie.com\\\/produit\\\/de-la-brisure-a-lharmonie\\\/\",\"name\":\"DE LA BRISURE \u00c0 L'HARMONIE :: Un parcours de r\u00e9silience et de restauration - delabrisurealharmonie.com\",\"isPartOf\":{\"@id\":\"https:\\\/\\\/delabrisurealharmonie.com\\\/#website\"},\"primaryImageOfPage\":{\"@id\":\"https:\\\/\\\/delabrisurealharmonie.com\\\/produit\\\/de-la-brisure-a-lharmonie\\\/#primaryimage\"},\"image\":{\"@id\":\"https:\\\/\\\/delabrisurealharmonie.com\\\/produit\\\/de-la-brisure-a-lharmonie\\\/#primaryimage\"},\"thumbnailUrl\":\"https:\\\/\\\/delabrisurealharmonie.com\\\/wp-content\\\/uploads\\\/2022\\\/02\\\/brisure.jpg\",\"datePublished\":\"2022-02-11T02:05:12+00:00\",\"dateModified\":\"2025-11-25T13:54:20+00:00\",\"description\":\"Ce livre est le cri d'une femme longtemps rest\u00e9e dans le silence, bless\u00e9e d\u00e8s l\u2019enfance par ceux qui auraient d\u00fb la prot\u00e9ger.Un r\u00e9cit vrai et poignant, qui explore les blessures invisibles de l\u2019\u00e2me et le lent processus de r\u00e9silience.\",\"breadcrumb\":{\"@id\":\"https:\\\/\\\/delabrisurealharmonie.com\\\/produit\\\/de-la-brisure-a-lharmonie\\\/#breadcrumb\"},\"inLanguage\":\"en-US\",\"potentialAction\":[{\"@type\":\"ReadAction\",\"target\":[\"https:\\\/\\\/delabrisurealharmonie.com\\\/produit\\\/de-la-brisure-a-lharmonie\\\/\"]}]},{\"@type\":\"ImageObject\",\"inLanguage\":\"en-US\",\"@id\":\"https:\\\/\\\/delabrisurealharmonie.com\\\/produit\\\/de-la-brisure-a-lharmonie\\\/#primaryimage\",\"url\":\"https:\\\/\\\/delabrisurealharmonie.com\\\/wp-content\\\/uploads\\\/2022\\\/02\\\/brisure.jpg\",\"contentUrl\":\"https:\\\/\\\/delabrisurealharmonie.com\\\/wp-content\\\/uploads\\\/2022\\\/02\\\/brisure.jpg\",\"width\":600,\"height\":840},{\"@type\":\"BreadcrumbList\",\"@id\":\"https:\\\/\\\/delabrisurealharmonie.com\\\/produit\\\/de-la-brisure-a-lharmonie\\\/#breadcrumb\",\"itemListElement\":[{\"@type\":\"ListItem\",\"position\":1,\"name\":\"Home\",\"item\":\"https:\\\/\\\/delabrisurealharmonie.com\\\/\"},{\"@type\":\"ListItem\",\"position\":2,\"name\":\"Nos Livres\",\"item\":\"https:\\\/\\\/delabrisurealharmonie.com\\\/nos-livres\\\/\"},{\"@type\":\"ListItem\",\"position\":3,\"name\":\"DE LA BRISURE \u00c0 L&#8217;HARMONIE :: Un parcours de r\u00e9silience et de restauration\"}]},{\"@type\":\"WebSite\",\"@id\":\"https:\\\/\\\/delabrisurealharmonie.com\\\/#website\",\"url\":\"https:\\\/\\\/delabrisurealharmonie.com\\\/\",\"name\":\"delabrisurealharmonie.com\",\"description\":\"\",\"publisher\":{\"@id\":\"https:\\\/\\\/delabrisurealharmonie.com\\\/#organization\"},\"potentialAction\":[{\"@type\":\"SearchAction\",\"target\":{\"@type\":\"EntryPoint\",\"urlTemplate\":\"https:\\\/\\\/delabrisurealharmonie.com\\\/?s={search_term_string}\"},\"query-input\":{\"@type\":\"PropertyValueSpecification\",\"valueRequired\":true,\"valueName\":\"search_term_string\"}}],\"inLanguage\":\"en-US\"},{\"@type\":\"Organization\",\"@id\":\"https:\\\/\\\/delabrisurealharmonie.com\\\/#organization\",\"name\":\"delabrisurealharmonie.com\",\"url\":\"https:\\\/\\\/delabrisurealharmonie.com\\\/\",\"logo\":{\"@type\":\"ImageObject\",\"inLanguage\":\"en-US\",\"@id\":\"https:\\\/\\\/delabrisurealharmonie.com\\\/#\\\/schema\\\/logo\\\/image\\\/\",\"url\":\"https:\\\/\\\/delabrisurealharmonie.com\\\/wp-content\\\/uploads\\\/2022\\\/02\\\/logo-1-1.png\",\"contentUrl\":\"https:\\\/\\\/delabrisurealharmonie.com\\\/wp-content\\\/uploads\\\/2022\\\/02\\\/logo-1-1.png\",\"width\":520,\"height\":100,\"caption\":\"delabrisurealharmonie.com\"},\"image\":{\"@id\":\"https:\\\/\\\/delabrisurealharmonie.com\\\/#\\\/schema\\\/logo\\\/image\\\/\"}}]}<\/script>\n<!-- \/ Yoast SEO Premium plugin. -->","yoast_head_json":{"title":"DE LA BRISURE \u00c0 L'HARMONIE :: Un parcours de r\u00e9silience et de restauration - delabrisurealharmonie.com","description":"Ce livre est le cri d'une femme longtemps rest\u00e9e dans le silence, bless\u00e9e d\u00e8s l\u2019enfance par ceux qui auraient d\u00fb la prot\u00e9ger.Un r\u00e9cit vrai et poignant, qui explore les blessures invisibles de l\u2019\u00e2me et le lent processus de r\u00e9silience.","robots":{"index":"index","follow":"follow","max-snippet":"max-snippet:-1","max-image-preview":"max-image-preview:large","max-video-preview":"max-video-preview:-1"},"canonical":"https:\/\/delabrisurealharmonie.com\/en\/product\/de-la-brisure-a-lharmonie\/","og_locale":"en_US","og_type":"article","og_title":"DE LA BRISURE \u00c0 L'HARMONIE :: Un parcours de r\u00e9silience et de restauration","og_description":"Ce livre est le cri d'une femme longtemps rest\u00e9e dans le silence, bless\u00e9e d\u00e8s l\u2019enfance par ceux qui auraient d\u00fb la prot\u00e9ger.Un r\u00e9cit vrai et poignant, qui explore les blessures invisibles de l\u2019\u00e2me et le lent processus de r\u00e9silience.","og_url":"https:\/\/delabrisurealharmonie.com\/en\/product\/de-la-brisure-a-lharmonie\/","og_site_name":"delabrisurealharmonie.com","article_modified_time":"2025-11-25T13:54:20+00:00","og_image":[{"width":459,"height":366,"url":"https:\/\/delabrisurealharmonie.com\/wp-content\/uploads\/2025\/11\/h1-img1-2.png","type":"image\/png"}],"twitter_card":"summary_large_image","twitter_misc":{"Est. reading time":"1 minute"},"schema":{"@context":"https:\/\/schema.org","@graph":[{"@type":"WebPage","@id":"https:\/\/delabrisurealharmonie.com\/produit\/de-la-brisure-a-lharmonie\/","url":"https:\/\/delabrisurealharmonie.com\/produit\/de-la-brisure-a-lharmonie\/","name":"DE LA BRISURE \u00c0 L'HARMONIE :: Un parcours de r\u00e9silience et de restauration - delabrisurealharmonie.com","isPartOf":{"@id":"https:\/\/delabrisurealharmonie.com\/#website"},"primaryImageOfPage":{"@id":"https:\/\/delabrisurealharmonie.com\/produit\/de-la-brisure-a-lharmonie\/#primaryimage"},"image":{"@id":"https:\/\/delabrisurealharmonie.com\/produit\/de-la-brisure-a-lharmonie\/#primaryimage"},"thumbnailUrl":"https:\/\/delabrisurealharmonie.com\/wp-content\/uploads\/2022\/02\/brisure.jpg","datePublished":"2022-02-11T02:05:12+00:00","dateModified":"2025-11-25T13:54:20+00:00","description":"Ce livre est le cri d'une femme longtemps rest\u00e9e dans le silence, bless\u00e9e d\u00e8s l\u2019enfance par ceux qui auraient d\u00fb la prot\u00e9ger.Un r\u00e9cit vrai et poignant, qui explore les blessures invisibles de l\u2019\u00e2me et le lent processus de r\u00e9silience.","breadcrumb":{"@id":"https:\/\/delabrisurealharmonie.com\/produit\/de-la-brisure-a-lharmonie\/#breadcrumb"},"inLanguage":"en-US","potentialAction":[{"@type":"ReadAction","target":["https:\/\/delabrisurealharmonie.com\/produit\/de-la-brisure-a-lharmonie\/"]}]},{"@type":"ImageObject","inLanguage":"en-US","@id":"https:\/\/delabrisurealharmonie.com\/produit\/de-la-brisure-a-lharmonie\/#primaryimage","url":"https:\/\/delabrisurealharmonie.com\/wp-content\/uploads\/2022\/02\/brisure.jpg","contentUrl":"https:\/\/delabrisurealharmonie.com\/wp-content\/uploads\/2022\/02\/brisure.jpg","width":600,"height":840},{"@type":"BreadcrumbList","@id":"https:\/\/delabrisurealharmonie.com\/produit\/de-la-brisure-a-lharmonie\/#breadcrumb","itemListElement":[{"@type":"ListItem","position":1,"name":"Home","item":"https:\/\/delabrisurealharmonie.com\/"},{"@type":"ListItem","position":2,"name":"Nos Livres","item":"https:\/\/delabrisurealharmonie.com\/nos-livres\/"},{"@type":"ListItem","position":3,"name":"DE LA BRISURE \u00c0 L&#8217;HARMONIE :: Un parcours de r\u00e9silience et de restauration"}]},{"@type":"WebSite","@id":"https:\/\/delabrisurealharmonie.com\/#website","url":"https:\/\/delabrisurealharmonie.com\/","name":"delabrisurealharmonie.com","description":"","publisher":{"@id":"https:\/\/delabrisurealharmonie.com\/#organization"},"potentialAction":[{"@type":"SearchAction","target":{"@type":"EntryPoint","urlTemplate":"https:\/\/delabrisurealharmonie.com\/?s={search_term_string}"},"query-input":{"@type":"PropertyValueSpecification","valueRequired":true,"valueName":"search_term_string"}}],"inLanguage":"en-US"},{"@type":"Organization","@id":"https:\/\/delabrisurealharmonie.com\/#organization","name":"delabrisurealharmonie.com","url":"https:\/\/delabrisurealharmonie.com\/","logo":{"@type":"ImageObject","inLanguage":"en-US","@id":"https:\/\/delabrisurealharmonie.com\/#\/schema\/logo\/image\/","url":"https:\/\/delabrisurealharmonie.com\/wp-content\/uploads\/2022\/02\/logo-1-1.png","contentUrl":"https:\/\/delabrisurealharmonie.com\/wp-content\/uploads\/2022\/02\/logo-1-1.png","width":520,"height":100,"caption":"delabrisurealharmonie.com"},"image":{"@id":"https:\/\/delabrisurealharmonie.com\/#\/schema\/logo\/image\/"}}]}},"_links":{"self":[{"href":"https:\/\/delabrisurealharmonie.com\/en\/wp-json\/wp\/v2\/product\/109","targetHints":{"allow":["GET"]}}],"collection":[{"href":"https:\/\/delabrisurealharmonie.com\/en\/wp-json\/wp\/v2\/product"}],"about":[{"href":"https:\/\/delabrisurealharmonie.com\/en\/wp-json\/wp\/v2\/types\/product"}],"replies":[{"embeddable":true,"href":"https:\/\/delabrisurealharmonie.com\/en\/wp-json\/wp\/v2\/comments?post=109"}],"wp:featuredmedia":[{"embeddable":true,"href":"https:\/\/delabrisurealharmonie.com\/en\/wp-json\/wp\/v2\/media\/9266"}],"wp:attachment":[{"href":"https:\/\/delabrisurealharmonie.com\/en\/wp-json\/wp\/v2\/media?parent=109"}],"wp:term":[{"taxonomy":"product_cat","embeddable":true,"href":"https:\/\/delabrisurealharmonie.com\/en\/wp-json\/wp\/v2\/product_cat?post=109"},{"taxonomy":"product_tag","embeddable":true,"href":"https:\/\/delabrisurealharmonie.com\/en\/wp-json\/wp\/v2\/product_tag?post=109"}],"curies":[{"name":"wp","href":"https:\/\/api.w.org\/{rel}","templated":true}]}}