{"id":9440,"date":"2025-12-03T09:15:27","date_gmt":"2025-12-03T09:15:27","guid":{"rendered":"https:\/\/delabrisurealharmonie.com\/?page_id=9440"},"modified":"2025-12-03T09:19:33","modified_gmt":"2025-12-03T09:19:33","slug":"livres","status":"publish","type":"page","link":"https:\/\/delabrisurealharmonie.com\/en\/livres\/","title":{"rendered":"Livres"},"content":{"rendered":"<div data-elementor-type=\"wp-page\" data-elementor-id=\"9440\" class=\"elementor elementor-9440\" data-elementor-post-type=\"page\">\n\t\t\t\t<div class=\"elementor-element elementor-element-f6c44be e-flex e-con-boxed e-con e-parent\" data-id=\"f6c44be\" data-element_type=\"container\" data-e-type=\"container\">\n\t\t\t\t\t<div class=\"e-con-inner\">\n\t\t\n\t\t<div class=\"elementor-element elementor-element-c097109 hidden-border-bottom-product-yes layout-carousel-1 arrow-style-1 elementor-widget elementor-widget-bookory-products\" data-id=\"c097109\" data-element_type=\"widget\" data-e-type=\"widget\" data-widget_type=\"bookory-products.default\">\n\t\t\t\t<div class=\"elementor-widget-container\">\n\t\t\t\t\t<div class=\"woocommerce columns-1\"><div class=\"woocommerce-carousel\" data-settings='{\"navigation\":\"both\",\"autoplayHoverPause\":true,\"autoplay\":true,\"autoplayTimeout\":5000,\"carousel_center\":false,\"items\":3,\"items_laptop\":3,\"items_tablet_extra\":3,\"items_tablet\":2,\"items_mobile_extra\":2,\"items_mobile\":1,\"loop\":true,\"initialSlide\":0,\"breakpoint_laptop\":1366,\"breakpoint_tablet_extra\":1200,\"breakpoint_tablet\":1024,\"breakpoint_mobile_extra\":880,\"breakpoint_mobile\":767}'><div class=\"woocommerce-notices-wrapper\"><\/div><p class=\"woocommerce-result-count\" role=\"alert\" aria-relevant=\"all\" >\n\tShowing the single result<\/p>\n<form class=\"woocommerce-ordering\" method=\"get\" action=\"\">\n\t\t<select\n\t\tname=\"orderby\"\n\t\tclass=\"orderby\"\n\t\t\t\t\taria-label=\"Shop order\" data-no-translation-aria-label=\"\"\n\t\t\t>\n\t\t\t\t\t<option value=\"menu_order\"  selected='selected' data-no-translation=\"\" data-trp-gettext=\"\">Default sorting<\/option>\n\t\t\t\t\t<option value=\"popularity\" data-no-translation=\"\" data-trp-gettext=\"\" >Sort by popularity<\/option>\n\t\t\t\t\t<option value=\"rating\" data-no-translation=\"\" data-trp-gettext=\"\" >Sort by average rating<\/option>\n\t\t\t\t\t<option value=\"date\" data-no-translation=\"\" data-trp-gettext=\"\" >Sort by latest<\/option>\n\t\t\t\t\t<option value=\"price\" data-no-translation=\"\" data-trp-gettext=\"\" >Sort by price: low to high<\/option>\n\t\t\t\t\t<option value=\"price-desc\" data-no-translation=\"\" data-trp-gettext=\"\" >Sort by price: high to low<\/option>\n\t\t\t<\/select>\n\t<input type=\"hidden\" name=\"paged\" value=\"1\" \/>\n\t<input type=\"hidden\" name=\"trp-form-language\" value=\"en\"\/><\/form>\n<ul class=\"products columns-1\">\n\n<li class=\"product-style-default product type-product post-109 status-publish first instock product_cat-spirituels product_tag-spirituel has-post-thumbnail featured shipping-taxable purchasable product-type-simple\">\n        <div class=\"product-block\">\n        <div class=\"product-transition\">\n            <div class=\"product-image\"><img fetchpriority=\"high\" decoding=\"async\" width=\"450\" height=\"630\" src=\"https:\/\/delabrisurealharmonie.com\/wp-content\/uploads\/2022\/02\/brisure-450x630.jpg\" class=\"attachment-woocommerce_thumbnail size-woocommerce_thumbnail\" alt=\"DE LA BRISURE \u00c0 L&#039;HARMONIE :: Un parcours de r\u00e9silience et de restauration\" srcset=\"https:\/\/delabrisurealharmonie.com\/wp-content\/uploads\/2022\/02\/brisure-450x630.jpg 450w, https:\/\/delabrisurealharmonie.com\/wp-content\/uploads\/2022\/02\/brisure-214x300.jpg 214w, https:\/\/delabrisurealharmonie.com\/wp-content\/uploads\/2022\/02\/brisure.jpg 600w\" sizes=\"(max-width: 450px) 100vw, 450px\" \/><\/div>            <div class=\"group-action\">\n                <div class=\"shop-action vertical\">\n                    <button class=\"woosw-btn woosw-btn-109\" data-id=\"109\" data-product_name=\"DE LA BRISURE \u00c0 L&#039;HARMONIE :: Un parcours de r\u00e9silience et de restauration\" data-product_image=\"https:\/\/delabrisurealharmonie.com\/wp-content\/uploads\/2022\/02\/brisure-150x150.jpg\" aria-label=\"Add to wishlist\">Add to wishlist<\/button><button class=\"woosq-btn woosq-btn-109\" data-id=\"109\" data-effect=\"mfp-3d-unfold\" data-context=\"default\">Quick view<\/button>                    <div class=\"opal-add-to-cart-button\">\n                        <a href=\"\/en\/wp-json\/wp\/v2\/pages\/9440?add-to-cart=109\" aria-describedby=\"woocommerce_loop_add_to_cart_link_describedby_109\" data-quantity=\"1\" class=\"button product_type_simple add_to_cart_button ajax_add_to_cart\" data-product_id=\"109\" data-product_sku=\"B3847593\" aria-label=\"Add to cart: \u201cDE LA BRISURE \u00c0 L&#039;HARMONIE :: Un parcours de r\u00e9silience et de restauration\u201d\" rel=\"nofollow\" data-success_message=\"\u201cDE LA BRISURE \u00c0 L&#039;HARMONIE :: Un parcours de r\u00e9silience et de restauration\u201d has been added to your cart\" role=\"button\" data-no-translation=\"\" data-trp-gettext=\"\" data-no-translation-aria-label=\"\" data-no-translation-data-success_message=\"\">Add to cart<\/a>\t<span id=\"woocommerce_loop_add_to_cart_link_describedby_109\" class=\"screen-reader-text\">\n\t\t\t<\/span>\n                    <\/div>\n                                    <\/div>\n            <\/div>\n            <a href=\"https:\/\/delabrisurealharmonie.com\/en\/product\/de-la-brisure-a-lharmonie\/\" class=\"woocommerce-LoopProduct-link woocommerce-loop-product__link\"><\/a>        <\/div>\n        <div class=\"product-caption\">\n            <h3 class=\"woocommerce-loop-product__title\"><a href=\"https:\/\/delabrisurealharmonie.com\/en\/product\/de-la-brisure-a-lharmonie\/\">DE LA BRISURE \u00c0 L&rsquo;HARMONIE :: Un parcours de r\u00e9silience et de restauration<\/a><\/h3><div class=\"count-review\"><div class=\"star-rating\"><\/div><span>0<\/span><\/div>            <div class=\"woocommerce-loop-product__author\"><a href=\"https:\/\/delabrisurealharmonie.com\/en\/auteur\/maeni-httb-debankondji\/\">Ma\u00e9ni HTTB DeBanKondji<\/a><\/div>\n\t<span class=\"price\"><span class=\"woocommerce-Price-amount amount\"><bdi><span class=\"woocommerce-Price-currencySymbol\">&euro;<\/span>15.00<\/bdi><\/span><\/span>\n        <\/div>\n    <\/div>\n    <a href=\"https:\/\/delabrisurealharmonie.com\/en\/commander\/?buy-now=109\" data-quantity=\"1\" class=\"wpcbn-btn wpcbn-btn-archive button product_type_simple add_to_cart_button\" data-product_id=\"109\" rel=\"nofollow\">Buy now<\/a><\/li>\n<\/ul>\n<nav class=\"woocommerce-pagination\">\n    <\/nav>\n<\/div><\/div>\t\t\t\t<\/div>\n\t\t\t\t<\/div>\n\t\t\t\t\t<\/div>\n\t\t\t\t<\/div>\n\t\t\t\t<\/div>","protected":false},"excerpt":{"rendered":"<p>Voici le seul r\u00e9sultat Tri par d\u00e9fautTri par popularit\u00e9Tri par notes moyennesTri du plus r\u00e9cent au plus ancienTri par tarif croissantTri par tarif d\u00e9croissant Add to wishlistQuick view Ajouter au panier DE LA BRISURE \u00c0 L&#8217;HARMONIE :: Un parcours de r\u00e9silience et de restauration 0 Ma\u00e9ni HTTB DeBanKondji &euro;15.00 Buy now<\/p>","protected":false},"author":1,"featured_media":0,"parent":0,"menu_order":0,"comment_status":"closed","ping_status":"closed","template":"","meta":{"footnotes":""},"class_list":["post-9440","page","type-page","status-publish","hentry"],"yoast_head":"<!-- This site is optimized with the Yoast SEO Premium plugin v26.3 (Yoast SEO v27.4) - https:\/\/yoast.com\/product\/yoast-seo-premium-wordpress\/ -->\n<title>Livres - delabrisurealharmonie.com<\/title>\n<meta name=\"robots\" content=\"index, follow, max-snippet:-1, max-image-preview:large, max-video-preview:-1\" \/>\n<link rel=\"canonical\" href=\"https:\/\/delabrisurealharmonie.com\/en\/livres\/\" \/>\n<meta property=\"og:locale\" content=\"en_US\" \/>\n<meta property=\"og:type\" content=\"article\" \/>\n<meta property=\"og:title\" content=\"Livres\" \/>\n<meta property=\"og:description\" content=\"Voici le seul r\u00e9sultat Tri par d\u00e9fautTri par popularit\u00e9Tri par notes moyennesTri du plus r\u00e9cent au plus ancienTri par tarif croissantTri par tarif d\u00e9croissant Add to wishlistQuick view Ajouter au panier DE LA BRISURE \u00c0 L&#8217;HARMONIE :: Un parcours de r\u00e9silience et de restauration 0 Ma\u00e9ni HTTB DeBanKondji &euro;15.00 Buy now\" \/>\n<meta property=\"og:url\" content=\"https:\/\/delabrisurealharmonie.com\/en\/livres\/\" \/>\n<meta property=\"og:site_name\" content=\"delabrisurealharmonie.com\" \/>\n<meta property=\"article:modified_time\" content=\"2025-12-03T09:19:33+00:00\" \/>\n<meta property=\"og:image\" content=\"https:\/\/delabrisurealharmonie.com\/wp-content\/uploads\/2022\/02\/brisure-450x630.jpg\" \/>\n<meta name=\"twitter:card\" content=\"summary_large_image\" \/>\n<meta name=\"twitter:label1\" content=\"Est. reading time\" \/>\n\t<meta name=\"twitter:data1\" content=\"1 minute\" \/>\n<script type=\"application\/ld+json\" class=\"yoast-schema-graph\">{\"@context\":\"https:\\\/\\\/schema.org\",\"@graph\":[{\"@type\":\"WebPage\",\"@id\":\"https:\\\/\\\/delabrisurealharmonie.com\\\/livres\\\/\",\"url\":\"https:\\\/\\\/delabrisurealharmonie.com\\\/livres\\\/\",\"name\":\"Livres - delabrisurealharmonie.com\",\"isPartOf\":{\"@id\":\"https:\\\/\\\/delabrisurealharmonie.com\\\/#website\"},\"primaryImageOfPage\":{\"@id\":\"https:\\\/\\\/delabrisurealharmonie.com\\\/livres\\\/#primaryimage\"},\"image\":{\"@id\":\"https:\\\/\\\/delabrisurealharmonie.com\\\/livres\\\/#primaryimage\"},\"thumbnailUrl\":\"https:\\\/\\\/delabrisurealharmonie.com\\\/wp-content\\\/uploads\\\/2022\\\/02\\\/brisure-450x630.jpg\",\"datePublished\":\"2025-12-03T09:15:27+00:00\",\"dateModified\":\"2025-12-03T09:19:33+00:00\",\"breadcrumb\":{\"@id\":\"https:\\\/\\\/delabrisurealharmonie.com\\\/livres\\\/#breadcrumb\"},\"inLanguage\":\"en-US\",\"potentialAction\":[{\"@type\":\"ReadAction\",\"target\":[\"https:\\\/\\\/delabrisurealharmonie.com\\\/livres\\\/\"]}]},{\"@type\":\"ImageObject\",\"inLanguage\":\"en-US\",\"@id\":\"https:\\\/\\\/delabrisurealharmonie.com\\\/livres\\\/#primaryimage\",\"url\":\"https:\\\/\\\/delabrisurealharmonie.com\\\/wp-content\\\/uploads\\\/2022\\\/02\\\/brisure-450x630.jpg\",\"contentUrl\":\"https:\\\/\\\/delabrisurealharmonie.com\\\/wp-content\\\/uploads\\\/2022\\\/02\\\/brisure-450x630.jpg\"},{\"@type\":\"BreadcrumbList\",\"@id\":\"https:\\\/\\\/delabrisurealharmonie.com\\\/livres\\\/#breadcrumb\",\"itemListElement\":[{\"@type\":\"ListItem\",\"position\":1,\"name\":\"Home\",\"item\":\"https:\\\/\\\/delabrisurealharmonie.com\\\/\"},{\"@type\":\"ListItem\",\"position\":2,\"name\":\"Livres\"}]},{\"@type\":\"WebSite\",\"@id\":\"https:\\\/\\\/delabrisurealharmonie.com\\\/#website\",\"url\":\"https:\\\/\\\/delabrisurealharmonie.com\\\/\",\"name\":\"delabrisurealharmonie.com\",\"description\":\"\",\"publisher\":{\"@id\":\"https:\\\/\\\/delabrisurealharmonie.com\\\/#organization\"},\"potentialAction\":[{\"@type\":\"SearchAction\",\"target\":{\"@type\":\"EntryPoint\",\"urlTemplate\":\"https:\\\/\\\/delabrisurealharmonie.com\\\/?s={search_term_string}\"},\"query-input\":{\"@type\":\"PropertyValueSpecification\",\"valueRequired\":true,\"valueName\":\"search_term_string\"}}],\"inLanguage\":\"en-US\"},{\"@type\":\"Organization\",\"@id\":\"https:\\\/\\\/delabrisurealharmonie.com\\\/#organization\",\"name\":\"delabrisurealharmonie.com\",\"url\":\"https:\\\/\\\/delabrisurealharmonie.com\\\/\",\"logo\":{\"@type\":\"ImageObject\",\"inLanguage\":\"en-US\",\"@id\":\"https:\\\/\\\/delabrisurealharmonie.com\\\/#\\\/schema\\\/logo\\\/image\\\/\",\"url\":\"https:\\\/\\\/delabrisurealharmonie.com\\\/wp-content\\\/uploads\\\/2022\\\/02\\\/logo-1-1.png\",\"contentUrl\":\"https:\\\/\\\/delabrisurealharmonie.com\\\/wp-content\\\/uploads\\\/2022\\\/02\\\/logo-1-1.png\",\"width\":520,\"height\":100,\"caption\":\"delabrisurealharmonie.com\"},\"image\":{\"@id\":\"https:\\\/\\\/delabrisurealharmonie.com\\\/#\\\/schema\\\/logo\\\/image\\\/\"}}]}<\/script>\n<!-- \/ Yoast SEO Premium plugin. -->","yoast_head_json":{"title":"Livres - delabrisurealharmonie.com","robots":{"index":"index","follow":"follow","max-snippet":"max-snippet:-1","max-image-preview":"max-image-preview:large","max-video-preview":"max-video-preview:-1"},"canonical":"https:\/\/delabrisurealharmonie.com\/en\/livres\/","og_locale":"en_US","og_type":"article","og_title":"Livres","og_description":"Voici le seul r\u00e9sultat Tri par d\u00e9fautTri par popularit\u00e9Tri par notes moyennesTri du plus r\u00e9cent au plus ancienTri par tarif croissantTri par tarif d\u00e9croissant Add to wishlistQuick view Ajouter au panier DE LA BRISURE \u00c0 L&#8217;HARMONIE :: Un parcours de r\u00e9silience et de restauration 0 Ma\u00e9ni HTTB DeBanKondji &euro;15.00 Buy now","og_url":"https:\/\/delabrisurealharmonie.com\/en\/livres\/","og_site_name":"delabrisurealharmonie.com","article_modified_time":"2025-12-03T09:19:33+00:00","og_image":[{"url":"https:\/\/delabrisurealharmonie.com\/wp-content\/uploads\/2022\/02\/brisure-450x630.jpg","type":"","width":"","height":""}],"twitter_card":"summary_large_image","twitter_misc":{"Est. reading time":"1 minute"},"schema":{"@context":"https:\/\/schema.org","@graph":[{"@type":"WebPage","@id":"https:\/\/delabrisurealharmonie.com\/livres\/","url":"https:\/\/delabrisurealharmonie.com\/livres\/","name":"Livres - delabrisurealharmonie.com","isPartOf":{"@id":"https:\/\/delabrisurealharmonie.com\/#website"},"primaryImageOfPage":{"@id":"https:\/\/delabrisurealharmonie.com\/livres\/#primaryimage"},"image":{"@id":"https:\/\/delabrisurealharmonie.com\/livres\/#primaryimage"},"thumbnailUrl":"https:\/\/delabrisurealharmonie.com\/wp-content\/uploads\/2022\/02\/brisure-450x630.jpg","datePublished":"2025-12-03T09:15:27+00:00","dateModified":"2025-12-03T09:19:33+00:00","breadcrumb":{"@id":"https:\/\/delabrisurealharmonie.com\/livres\/#breadcrumb"},"inLanguage":"en-US","potentialAction":[{"@type":"ReadAction","target":["https:\/\/delabrisurealharmonie.com\/livres\/"]}]},{"@type":"ImageObject","inLanguage":"en-US","@id":"https:\/\/delabrisurealharmonie.com\/livres\/#primaryimage","url":"https:\/\/delabrisurealharmonie.com\/wp-content\/uploads\/2022\/02\/brisure-450x630.jpg","contentUrl":"https:\/\/delabrisurealharmonie.com\/wp-content\/uploads\/2022\/02\/brisure-450x630.jpg"},{"@type":"BreadcrumbList","@id":"https:\/\/delabrisurealharmonie.com\/livres\/#breadcrumb","itemListElement":[{"@type":"ListItem","position":1,"name":"Home","item":"https:\/\/delabrisurealharmonie.com\/"},{"@type":"ListItem","position":2,"name":"Livres"}]},{"@type":"WebSite","@id":"https:\/\/delabrisurealharmonie.com\/#website","url":"https:\/\/delabrisurealharmonie.com\/","name":"delabrisurealharmonie.com","description":"","publisher":{"@id":"https:\/\/delabrisurealharmonie.com\/#organization"},"potentialAction":[{"@type":"SearchAction","target":{"@type":"EntryPoint","urlTemplate":"https:\/\/delabrisurealharmonie.com\/?s={search_term_string}"},"query-input":{"@type":"PropertyValueSpecification","valueRequired":true,"valueName":"search_term_string"}}],"inLanguage":"en-US"},{"@type":"Organization","@id":"https:\/\/delabrisurealharmonie.com\/#organization","name":"delabrisurealharmonie.com","url":"https:\/\/delabrisurealharmonie.com\/","logo":{"@type":"ImageObject","inLanguage":"en-US","@id":"https:\/\/delabrisurealharmonie.com\/#\/schema\/logo\/image\/","url":"https:\/\/delabrisurealharmonie.com\/wp-content\/uploads\/2022\/02\/logo-1-1.png","contentUrl":"https:\/\/delabrisurealharmonie.com\/wp-content\/uploads\/2022\/02\/logo-1-1.png","width":520,"height":100,"caption":"delabrisurealharmonie.com"},"image":{"@id":"https:\/\/delabrisurealharmonie.com\/#\/schema\/logo\/image\/"}}]}},"_links":{"self":[{"href":"https:\/\/delabrisurealharmonie.com\/en\/wp-json\/wp\/v2\/pages\/9440","targetHints":{"allow":["GET"]}}],"collection":[{"href":"https:\/\/delabrisurealharmonie.com\/en\/wp-json\/wp\/v2\/pages"}],"about":[{"href":"https:\/\/delabrisurealharmonie.com\/en\/wp-json\/wp\/v2\/types\/page"}],"author":[{"embeddable":true,"href":"https:\/\/delabrisurealharmonie.com\/en\/wp-json\/wp\/v2\/users\/1"}],"replies":[{"embeddable":true,"href":"https:\/\/delabrisurealharmonie.com\/en\/wp-json\/wp\/v2\/comments?post=9440"}],"version-history":[{"count":7,"href":"https:\/\/delabrisurealharmonie.com\/en\/wp-json\/wp\/v2\/pages\/9440\/revisions"}],"predecessor-version":[{"id":9448,"href":"https:\/\/delabrisurealharmonie.com\/en\/wp-json\/wp\/v2\/pages\/9440\/revisions\/9448"}],"wp:attachment":[{"href":"https:\/\/delabrisurealharmonie.com\/en\/wp-json\/wp\/v2\/media?parent=9440"}],"curies":[{"name":"wp","href":"https:\/\/api.w.org\/{rel}","templated":true}]}}