{"id":9365,"date":"2025-11-26T11:07:50","date_gmt":"2025-11-26T11:07:50","guid":{"rendered":"https:\/\/delabrisurealharmonie.com\/?page_id=9365"},"modified":"2025-11-26T20:12:17","modified_gmt":"2025-11-26T20:12:17","slug":"conditions-generales-dutilisation","status":"publish","type":"page","link":"https:\/\/delabrisurealharmonie.com\/en\/conditions-generales-dutilisation\/","title":{"rendered":"General terms of use"},"content":{"rendered":"<div data-elementor-type=\"wp-page\" data-elementor-id=\"9365\" class=\"elementor elementor-9365\" data-elementor-post-type=\"page\">\n\t\t\t\t<div class=\"elementor-element elementor-element-1a1fec3d e-flex e-con-boxed e-con e-parent\" data-id=\"1a1fec3d\" data-element_type=\"container\" data-e-type=\"container\" data-settings=\"{&quot;background_background&quot;:&quot;classic&quot;}\">\n\t\t\t\t\t<div class=\"e-con-inner\">\n\t\t<div class=\"elementor-element elementor-element-2127733 e-con-full e-flex elementor-invisible e-con e-child\" data-id=\"2127733\" data-element_type=\"container\" data-e-type=\"container\" data-settings=\"{&quot;background_background&quot;:&quot;classic&quot;,&quot;animation&quot;:&quot;fadeInUp&quot;}\">\n\t\t\t\t<div class=\"elementor-element elementor-element-7fe38c25 elementor-widget elementor-widget-heading\" data-id=\"7fe38c25\" data-element_type=\"widget\" data-e-type=\"widget\" data-widget_type=\"heading.default\">\n\t\t\t\t\t<h1 class=\"elementor-heading-title elementor-size-default\">\u2705 General Terms and Conditions of Use (GTC)<\/h1>\t\t\t\t<\/div>\n\t\t\n\t\t<div class=\"elementor-element elementor-element-7a073f45 elementor-widget elementor-widget-text-editor\" data-id=\"7a073f45\" data-element_type=\"widget\" data-e-type=\"widget\" data-widget_type=\"text-editor.default\">\n\t\t\t\t\t\t\t\t\t<h1 data-start=\"290\" data-end=\"340\">\u00a0<\/h1><p data-start=\"341\" data-end=\"372\"><em data-start=\"341\" data-end=\"372\">Last updated: November 20, 2025<\/em><\/p><p data-start=\"374\" data-end=\"597\">Welcome to <strong data-start=\"388\" data-end=\"417\">delabrisurealharmonie.com<\/strong>.<br data-start=\"418\" data-end=\"421\" \/>By using our site, you fully accept these terms and conditions. <strong data-start=\"485\" data-end=\"529\">\u2705 General Terms and Conditions of Use (GTC)<\/strong>.<br data-start=\"530\" data-end=\"533\" \/>Please read them carefully before browsing or making a purchase.<\/p><hr data-start=\"599\" data-end=\"602\" \/><h1 data-start=\"604\" data-end=\"626\">1. <strong data-start=\"609\" data-end=\"626\">Purpose of the site<\/strong><\/h1><p data-start=\"627\" data-end=\"866\" class=\"translation-block\">The website <strong data-start=\"635\" data-end=\"664\">delabrisurealharmonie.com<\/strong> is an online store specializing in the sale of <strong data-start=\"727\" data-end=\"741\">spiritual<\/strong>, <strong data-start=\"743\" data-end=\"756\">cultural<\/strong>, <strong data-start=\"758\" data-end=\"788\">personal development<\/strong> books and other works intended for the well-being and development of the individual.<\/p><hr data-start=\"868\" data-end=\"871\" \/><h1 data-start=\"873\" data-end=\"908\">2. <strong data-start=\"878\" data-end=\"908\">Acceptance of conditions<\/strong><\/h1><p data-start=\"909\" data-end=\"1091\" class=\"translation-block\">By accessing this site, the visitor acknowledges having read and accepted the Terms and Conditions without reservation. <br data-start=\"1013\" data-end=\"1016\">If you do not agree to these terms, please do not use our site.<\/p><hr data-start=\"1093\" data-end=\"1096\" \/><h1 data-start=\"1098\" data-end=\"1120\">3. <strong data-start=\"1103\" data-end=\"1120\">Access to the site<\/strong><\/h1><p data-start=\"1121\" data-end=\"1297\" class=\"translation-block\">Access to the site is free for any user with an internet connection.<br data-start=\"1206\" data-end=\"1209\">The site may be updated or temporarily interrupted for maintenance without prior notice.<\/p><hr data-start=\"1299\" data-end=\"1302\" \/><h1 data-start=\"1304\" data-end=\"1331\">4. <strong data-start=\"1309\" data-end=\"1331\">User account<\/strong><\/h1><p data-start=\"1332\" data-end=\"1462\" class=\"translation-block\">To place an order, some services may require you to create an account.<br data-start=\"1415\" data-end=\"1418\">By creating an account, you agree to:<\/p><ul data-start=\"1463\" data-end=\"1652\"><li data-start=\"1463\" data-end=\"1499\"><p data-start=\"1465\" data-end=\"1499\">Provide accurate information<\/p><\/li><li data-start=\"1500\" data-end=\"1537\"><p data-start=\"1502\" data-end=\"1537\">Keep this information up to date<\/p><\/li><li data-start=\"1538\" data-end=\"1652\"><p data-start=\"1540\" data-end=\"1652\" class=\"translation-block\">Keep your login details confidential<br data-start=\"1577\" data-end=\"1580\">All activity carried out with your account is your responsibility.<\/p><\/li><\/ul><hr data-start=\"1654\" data-end=\"1657\" \/><h1 data-start=\"1659\" data-end=\"1693\">5. <strong data-start=\"1664\" data-end=\"1693\">Products and availability<\/strong><\/h1><p data-start=\"1694\" data-end=\"1755\" class=\"translation-block\">The products offered are described with care.<br data-start=\"1739\" data-end=\"1742\">However:<\/p><ul data-start=\"1756\" data-end=\"1966\"><li data-start=\"1756\" data-end=\"1794\"><p data-start=\"1758\" data-end=\"1794\">Images are for illustrative purposes only.<\/p><\/li><li data-start=\"1795\" data-end=\"1966\"><p data-start=\"1797\" data-end=\"1966\" class=\"translation-block\">Stock levels may vary depending on availability<br data-start=\"1847\" data-end=\"1850\">If a book is unavailable after you order, we will contact you to offer an alternative or a refund.<\/p><\/li><\/ul><hr data-start=\"1968\" data-end=\"1971\" \/><h1 data-start=\"1973\" data-end=\"1998\">6. <strong data-start=\"1978\" data-end=\"1998\">Price and payment<\/strong><\/h1><p data-start=\"1999\" data-end=\"2075\">Les prix affich\u00e9s sont en <strong data-start=\"2025\" data-end=\"2033\">EURO<\/strong> (ou devise d\u00e9finie).<br data-start=\"2054\" data-end=\"2057\" \/>Nous acceptons :<\/p><ul data-start=\"2076\" data-end=\"2263\"><li data-start=\"2122\" data-end=\"2154\"><p data-start=\"2124\" data-end=\"2154\">Payment by bank card<\/p><\/li><li data-start=\"2155\" data-end=\"2263\"><p data-start=\"2157\" data-end=\"2263\" class=\"translation-block\">Secure payment gateways<br data-start=\"2191\" data-end=\"2194\">No order will be processed without full payment validation.<\/p><\/li><\/ul><hr data-start=\"2265\" data-end=\"2268\" \/><h1 data-start=\"2270\" data-end=\"2287\">7. <strong data-start=\"2275\" data-end=\"2287\">Order<\/strong><\/h1><p data-start=\"2288\" data-end=\"2337\">Any order placed implies acceptance of:<\/p><ul data-start=\"2338\" data-end=\"2449\"><li data-start=\"2338\" data-end=\"2349\"><p data-start=\"2340\" data-end=\"2349\">Terms and Conditions<\/p><\/li><li data-start=\"2350\" data-end=\"2377\"><p data-start=\"2352\" data-end=\"2377\">Terms of sale<\/p><\/li><li data-start=\"2378\" data-end=\"2449\"><p data-start=\"2380\" data-end=\"2449\" class=\"translation-block\">Current rates<br data-start=\"2401\" data-end=\"2404\">A confirmation will be sent to you by email.<\/p><\/li><\/ul><p data-start=\"2451\" data-end=\"2542\">The seller reserves the right to cancel an order in the event of a dispute, fraud or anomaly.<\/p><hr data-start=\"2544\" data-end=\"2547\" \/><h1 data-start=\"2549\" data-end=\"2567\">8. <strong data-start=\"2554\" data-end=\"2567\">Delivery<\/strong><\/h1><p data-start=\"2568\" data-end=\"2702\" class=\"translation-block\">Deliveries are made to the address provided at the time of ordering. <br data-start=\"2648\" data-end=\"2651\">Delivery times may vary depending on your location.<\/p><p data-start=\"2704\" data-end=\"2865\" class=\"translation-block\">In the event of an unforeseen delay, we will inform you as soon as possible. <br data-start=\"2765\" data-end=\"2768\">No refund will be issued for a reasonable delay beyond our control.<\/p><hr data-start=\"2867\" data-end=\"2870\" \/><h1 data-start=\"2872\" data-end=\"2904\">9. <strong data-start=\"2877\" data-end=\"2904\">Returns and refunds<\/strong><\/h1><p data-start=\"2905\" data-end=\"2975\">Returns are accepted only under the following conditions:<\/p><ul data-start=\"2976\" data-end=\"3046\"><li data-start=\"2976\" data-end=\"2997\"><p data-start=\"2978\" data-end=\"2997\">Damaged product<\/p><\/li><li data-start=\"2998\" data-end=\"3018\"><p data-start=\"3000\" data-end=\"3018\">Defective book<\/p><\/li><li data-start=\"3019\" data-end=\"3046\"><p data-start=\"3021\" data-end=\"3046\">Error in the order<\/p><\/li><\/ul><p data-start=\"3048\" data-end=\"3191\" class=\"translation-block\">Returns must be reported within <strong data-start=\"3099\" data-end=\"3112\">48 hours <\/strong>of receipt. <br data-start=\"3129\" data-end=\"3132\">Depending on the circumstances, an exchange or a refund will be offered.<\/p><hr data-start=\"3193\" data-end=\"3196\" \/><h1 data-start=\"3198\" data-end=\"3222\">10. <strong data-start=\"3204\" data-end=\"3222\">Responsibility<\/strong><\/h1><p data-start=\"3223\" data-end=\"3323\" class=\"translation-block\">We strive to provide a reliable and secure site.<br data-start=\"3281\" data-end=\"3284\">However, we cannot guarantee:<\/p><ul data-start=\"3324\" data-end=\"3450\"><li data-start=\"3324\" data-end=\"3354\"><p data-start=\"3326\" data-end=\"3354\">The complete absence of errors<\/p><\/li><li data-start=\"3355\" data-end=\"3392\"><p data-start=\"3357\" data-end=\"3392\">Uninterrupted accessibility<\/p><\/li><li data-start=\"3393\" data-end=\"3450\"><p data-start=\"3395\" data-end=\"3450\">Compatibility with all devices and browsers<\/p><\/li><\/ul><p data-start=\"3452\" data-end=\"3501\">We decline all responsibility in the event of:<\/p><ul data-start=\"3502\" data-end=\"3612\"><li data-start=\"3502\" data-end=\"3522\"><p data-start=\"3504\" data-end=\"3522\">Data loss<\/p><\/li><li data-start=\"3523\" data-end=\"3555\"><p data-start=\"3525\" data-end=\"3555\">Misuse of the site<\/p><\/li><li data-start=\"3556\" data-end=\"3612\"><p data-start=\"3558\" data-end=\"3612\">Damage caused by a virus or external technical problem<\/p><\/li><\/ul><hr data-start=\"3614\" data-end=\"3617\" \/><h1 data-start=\"3619\" data-end=\"3653\">11. <strong data-start=\"3625\" data-end=\"3653\">Intellectual property<\/strong><\/h1><p data-start=\"3654\" data-end=\"3877\" class=\"translation-block\">All site content (texts, images, logos, videos, descriptions, etc.) is protected by intellectual property laws. <br data-start=\"3791\" data-end=\"3794\">Any reproduction, in whole or in part, without authorization is strictly prohibited.<\/p><hr data-start=\"3879\" data-end=\"3882\" \/><h1 data-start=\"3884\" data-end=\"3916\">12. <strong data-start=\"3890\" data-end=\"3916\">Data protection<\/strong><\/h1><p data-start=\"3917\" data-end=\"3968\">The information collected is used for:<\/p><ul data-start=\"3969\" data-end=\"4069\"><li data-start=\"3969\" data-end=\"4000\"><p data-start=\"3971\" data-end=\"4000\">Order processing<\/p><\/li><li data-start=\"4001\" data-end=\"4017\"><p data-start=\"4003\" data-end=\"4017\">The delivery<\/p><\/li><li data-start=\"4018\" data-end=\"4039\"><p data-start=\"4020\" data-end=\"4039\">Customer support<\/p><\/li><li data-start=\"4040\" data-end=\"4069\"><p data-start=\"4042\" data-end=\"4069\">Internal statistics<\/p><\/li><\/ul><p data-start=\"4071\" data-end=\"4147\">Your data is never sold or transferred to unauthorized third parties.<\/p><p data-start=\"4149\" data-end=\"4224\" class=\"translation-block\">For more information, see our <strong data-start=\"4191\" data-end=\"4223\">Privacy Policy<\/strong>.<\/p><hr data-start=\"4226\" data-end=\"4229\" \/><h1 data-start=\"4231\" data-end=\"4255\">13. <strong data-start=\"4237\" data-end=\"4255\">External links<\/strong><\/h1><p data-start=\"4256\" data-end=\"4400\" class=\"translation-block\">The site may contain links to other platforms.<br data-start=\"4314\" data-end=\"4317\">We are not responsible for the content or operation of these third-party sites.<\/p><hr data-start=\"4402\" data-end=\"4405\" \/><h1 data-start=\"4407\" data-end=\"4438\">14. <strong data-start=\"4413\" data-end=\"4438\">Changes to the Terms and Conditions<\/strong><\/h1><p data-start=\"4439\" data-end=\"4580\" class=\"translation-block\">We reserve the right to modify these Terms of Use at any time.<br data-start=\"4512\" data-end=\"4515\">Users are encouraged to review them regularly.<\/p><hr data-start=\"4582\" data-end=\"4585\" \/><h1 data-start=\"4587\" data-end=\"4604\">15. <strong data-start=\"4593\" data-end=\"4604\">Contact<\/strong><\/h1><p data-start=\"4605\" data-end=\"4708\">For any questions regarding the Terms and Conditions:<\/p><p data-start=\"4605\" data-end=\"4708\"><br data-start=\"4645\" data-end=\"4648\" \/>\ud83d\udce9 Email : maenidebankonbusiness@gmail.com<\/p><p data-start=\"4605\" data-end=\"4708\">\ud83d\udcde Phone: +(44) \u2013 7824 \u2013 829233<\/p><p data-start=\"4715\" data-end=\"4891\" data-is-last-node=\"\" data-is-only-node=\"\">\u00a0<\/p>\t\t\t\t\t\t\t\t<\/div>\n\t\t\t\t<\/div>\n\t\t\t\t\t<\/div>\n\t\t\t\t<\/div>\n\t\t\t\t<\/div>","protected":false},"excerpt":{"rendered":"<p>\u2705 Conditions G\u00e9n\u00e9rales d\u2019Utilisation (CGU) \u00a0 Derni\u00e8re mise \u00e0 jour : 20 Novembre 2025 Bienvenue sur delabrisurealharmonie.com.En utilisant notre site, vous acceptez pleinement les pr\u00e9sentes Conditions G\u00e9n\u00e9rales d\u2019Utilisation (CGU).Merci de les lire attentivement avant toute navigation ou achat. 1. Objet du site Le site delabrisurealharmonie.com est une boutique en ligne sp\u00e9cialis\u00e9e dans la vente de [&hellip;]<\/p>","protected":false},"author":1,"featured_media":0,"parent":0,"menu_order":0,"comment_status":"closed","ping_status":"closed","template":"","meta":{"footnotes":""},"class_list":["post-9365","page","type-page","status-publish","hentry"],"yoast_head":"<!-- This site is optimized with the Yoast SEO Premium plugin v26.3 (Yoast SEO v27.4) - https:\/\/yoast.com\/product\/yoast-seo-premium-wordpress\/ -->\n<title>Conditions G\u00e9n\u00e9rales d\u2019Utilisation - delabrisurealharmonie.com<\/title>\n<meta name=\"robots\" content=\"index, follow, max-snippet:-1, max-image-preview:large, max-video-preview:-1\" \/>\n<link rel=\"canonical\" href=\"https:\/\/delabrisurealharmonie.com\/en\/conditions-generales-dutilisation\/\" \/>\n<meta property=\"og:locale\" content=\"en_US\" \/>\n<meta property=\"og:type\" content=\"article\" \/>\n<meta property=\"og:title\" content=\"Conditions G\u00e9n\u00e9rales d\u2019Utilisation\" \/>\n<meta property=\"og:description\" content=\"\u2705 Conditions G\u00e9n\u00e9rales d\u2019Utilisation (CGU) \u00a0 Derni\u00e8re mise \u00e0 jour : 20 Novembre 2025 Bienvenue sur delabrisurealharmonie.com.En utilisant notre site, vous acceptez pleinement les pr\u00e9sentes Conditions G\u00e9n\u00e9rales d\u2019Utilisation (CGU).Merci de les lire attentivement avant toute navigation ou achat. 1. Objet du site Le site delabrisurealharmonie.com est une boutique en ligne sp\u00e9cialis\u00e9e dans la vente de [&hellip;]\" \/>\n<meta property=\"og:url\" content=\"https:\/\/delabrisurealharmonie.com\/en\/conditions-generales-dutilisation\/\" \/>\n<meta property=\"og:site_name\" content=\"delabrisurealharmonie.com\" \/>\n<meta property=\"article:modified_time\" content=\"2025-11-26T20:12:17+00:00\" \/>\n<meta name=\"twitter:card\" content=\"summary_large_image\" \/>\n<meta name=\"twitter:label1\" content=\"Est. reading time\" \/>\n\t<meta name=\"twitter:data1\" content=\"4 minutes\" \/>\n<script type=\"application\/ld+json\" class=\"yoast-schema-graph\">{\"@context\":\"https:\\\/\\\/schema.org\",\"@graph\":[{\"@type\":\"WebPage\",\"@id\":\"https:\\\/\\\/delabrisurealharmonie.com\\\/conditions-generales-dutilisation\\\/\",\"url\":\"https:\\\/\\\/delabrisurealharmonie.com\\\/conditions-generales-dutilisation\\\/\",\"name\":\"Conditions G\u00e9n\u00e9rales d\u2019Utilisation - delabrisurealharmonie.com\",\"isPartOf\":{\"@id\":\"https:\\\/\\\/delabrisurealharmonie.com\\\/#website\"},\"datePublished\":\"2025-11-26T11:07:50+00:00\",\"dateModified\":\"2025-11-26T20:12:17+00:00\",\"breadcrumb\":{\"@id\":\"https:\\\/\\\/delabrisurealharmonie.com\\\/conditions-generales-dutilisation\\\/#breadcrumb\"},\"inLanguage\":\"en-US\",\"potentialAction\":[{\"@type\":\"ReadAction\",\"target\":[\"https:\\\/\\\/delabrisurealharmonie.com\\\/conditions-generales-dutilisation\\\/\"]}]},{\"@type\":\"BreadcrumbList\",\"@id\":\"https:\\\/\\\/delabrisurealharmonie.com\\\/conditions-generales-dutilisation\\\/#breadcrumb\",\"itemListElement\":[{\"@type\":\"ListItem\",\"position\":1,\"name\":\"Home\",\"item\":\"https:\\\/\\\/delabrisurealharmonie.com\\\/\"},{\"@type\":\"ListItem\",\"position\":2,\"name\":\"Conditions G\u00e9n\u00e9rales d\u2019Utilisation\"}]},{\"@type\":\"WebSite\",\"@id\":\"https:\\\/\\\/delabrisurealharmonie.com\\\/#website\",\"url\":\"https:\\\/\\\/delabrisurealharmonie.com\\\/\",\"name\":\"delabrisurealharmonie.com\",\"description\":\"\",\"publisher\":{\"@id\":\"https:\\\/\\\/delabrisurealharmonie.com\\\/#organization\"},\"potentialAction\":[{\"@type\":\"SearchAction\",\"target\":{\"@type\":\"EntryPoint\",\"urlTemplate\":\"https:\\\/\\\/delabrisurealharmonie.com\\\/?s={search_term_string}\"},\"query-input\":{\"@type\":\"PropertyValueSpecification\",\"valueRequired\":true,\"valueName\":\"search_term_string\"}}],\"inLanguage\":\"en-US\"},{\"@type\":\"Organization\",\"@id\":\"https:\\\/\\\/delabrisurealharmonie.com\\\/#organization\",\"name\":\"delabrisurealharmonie.com\",\"url\":\"https:\\\/\\\/delabrisurealharmonie.com\\\/\",\"logo\":{\"@type\":\"ImageObject\",\"inLanguage\":\"en-US\",\"@id\":\"https:\\\/\\\/delabrisurealharmonie.com\\\/#\\\/schema\\\/logo\\\/image\\\/\",\"url\":\"https:\\\/\\\/delabrisurealharmonie.com\\\/wp-content\\\/uploads\\\/2022\\\/02\\\/logo-1-1.png\",\"contentUrl\":\"https:\\\/\\\/delabrisurealharmonie.com\\\/wp-content\\\/uploads\\\/2022\\\/02\\\/logo-1-1.png\",\"width\":520,\"height\":100,\"caption\":\"delabrisurealharmonie.com\"},\"image\":{\"@id\":\"https:\\\/\\\/delabrisurealharmonie.com\\\/#\\\/schema\\\/logo\\\/image\\\/\"}}]}<\/script>\n<!-- \/ Yoast SEO Premium plugin. -->","yoast_head_json":{"title":"Conditions G\u00e9n\u00e9rales d\u2019Utilisation - delabrisurealharmonie.com","robots":{"index":"index","follow":"follow","max-snippet":"max-snippet:-1","max-image-preview":"max-image-preview:large","max-video-preview":"max-video-preview:-1"},"canonical":"https:\/\/delabrisurealharmonie.com\/en\/conditions-generales-dutilisation\/","og_locale":"en_US","og_type":"article","og_title":"Conditions G\u00e9n\u00e9rales d\u2019Utilisation","og_description":"\u2705 Conditions G\u00e9n\u00e9rales d\u2019Utilisation (CGU) \u00a0 Derni\u00e8re mise \u00e0 jour : 20 Novembre 2025 Bienvenue sur delabrisurealharmonie.com.En utilisant notre site, vous acceptez pleinement les pr\u00e9sentes Conditions G\u00e9n\u00e9rales d\u2019Utilisation (CGU).Merci de les lire attentivement avant toute navigation ou achat. 1. Objet du site Le site delabrisurealharmonie.com est une boutique en ligne sp\u00e9cialis\u00e9e dans la vente de [&hellip;]","og_url":"https:\/\/delabrisurealharmonie.com\/en\/conditions-generales-dutilisation\/","og_site_name":"delabrisurealharmonie.com","article_modified_time":"2025-11-26T20:12:17+00:00","twitter_card":"summary_large_image","twitter_misc":{"Est. reading time":"4 minutes"},"schema":{"@context":"https:\/\/schema.org","@graph":[{"@type":"WebPage","@id":"https:\/\/delabrisurealharmonie.com\/conditions-generales-dutilisation\/","url":"https:\/\/delabrisurealharmonie.com\/conditions-generales-dutilisation\/","name":"Conditions G\u00e9n\u00e9rales d\u2019Utilisation - delabrisurealharmonie.com","isPartOf":{"@id":"https:\/\/delabrisurealharmonie.com\/#website"},"datePublished":"2025-11-26T11:07:50+00:00","dateModified":"2025-11-26T20:12:17+00:00","breadcrumb":{"@id":"https:\/\/delabrisurealharmonie.com\/conditions-generales-dutilisation\/#breadcrumb"},"inLanguage":"en-US","potentialAction":[{"@type":"ReadAction","target":["https:\/\/delabrisurealharmonie.com\/conditions-generales-dutilisation\/"]}]},{"@type":"BreadcrumbList","@id":"https:\/\/delabrisurealharmonie.com\/conditions-generales-dutilisation\/#breadcrumb","itemListElement":[{"@type":"ListItem","position":1,"name":"Home","item":"https:\/\/delabrisurealharmonie.com\/"},{"@type":"ListItem","position":2,"name":"Conditions G\u00e9n\u00e9rales d\u2019Utilisation"}]},{"@type":"WebSite","@id":"https:\/\/delabrisurealharmonie.com\/#website","url":"https:\/\/delabrisurealharmonie.com\/","name":"delabrisurealharmonie.com","description":"","publisher":{"@id":"https:\/\/delabrisurealharmonie.com\/#organization"},"potentialAction":[{"@type":"SearchAction","target":{"@type":"EntryPoint","urlTemplate":"https:\/\/delabrisurealharmonie.com\/?s={search_term_string}"},"query-input":{"@type":"PropertyValueSpecification","valueRequired":true,"valueName":"search_term_string"}}],"inLanguage":"en-US"},{"@type":"Organization","@id":"https:\/\/delabrisurealharmonie.com\/#organization","name":"delabrisurealharmonie.com","url":"https:\/\/delabrisurealharmonie.com\/","logo":{"@type":"ImageObject","inLanguage":"en-US","@id":"https:\/\/delabrisurealharmonie.com\/#\/schema\/logo\/image\/","url":"https:\/\/delabrisurealharmonie.com\/wp-content\/uploads\/2022\/02\/logo-1-1.png","contentUrl":"https:\/\/delabrisurealharmonie.com\/wp-content\/uploads\/2022\/02\/logo-1-1.png","width":520,"height":100,"caption":"delabrisurealharmonie.com"},"image":{"@id":"https:\/\/delabrisurealharmonie.com\/#\/schema\/logo\/image\/"}}]}},"_links":{"self":[{"href":"https:\/\/delabrisurealharmonie.com\/en\/wp-json\/wp\/v2\/pages\/9365","targetHints":{"allow":["GET"]}}],"collection":[{"href":"https:\/\/delabrisurealharmonie.com\/en\/wp-json\/wp\/v2\/pages"}],"about":[{"href":"https:\/\/delabrisurealharmonie.com\/en\/wp-json\/wp\/v2\/types\/page"}],"author":[{"embeddable":true,"href":"https:\/\/delabrisurealharmonie.com\/en\/wp-json\/wp\/v2\/users\/1"}],"replies":[{"embeddable":true,"href":"https:\/\/delabrisurealharmonie.com\/en\/wp-json\/wp\/v2\/comments?post=9365"}],"version-history":[{"count":13,"href":"https:\/\/delabrisurealharmonie.com\/en\/wp-json\/wp\/v2\/pages\/9365\/revisions"}],"predecessor-version":[{"id":9421,"href":"https:\/\/delabrisurealharmonie.com\/en\/wp-json\/wp\/v2\/pages\/9365\/revisions\/9421"}],"wp:attachment":[{"href":"https:\/\/delabrisurealharmonie.com\/en\/wp-json\/wp\/v2\/media?parent=9365"}],"curies":[{"name":"wp","href":"https:\/\/api.w.org\/{rel}","templated":true}]}}